{"id":1379,"date":"2025-09-29T11:38:40","date_gmt":"2025-09-29T09:38:40","guid":{"rendered":"https:\/\/nafoki.no\/vgo\/"},"modified":"2025-10-14T10:48:04","modified_gmt":"2025-10-14T08:48:04","slug":"vgo","status":"publish","type":"page","link":"https:\/\/nafoki.no\/nn\/vgo\/","title":{"rendered":"Vidareg\u00e5ande oppl\u00e6ring"},"content":{"rendered":"\n<h2 class=\"kt-adv-heading901_ba6850-ed wp-block-kadence-advancedheading\" data-kb-block=\"kb-adv-heading901_ba6850-ed\"><strong>Verkt\u00f8y<\/strong><\/h2>\n\n\n<div class=\"kb-row-layout-wrap kb-row-layout-id901_7f6d2c-b6 alignnone has-base-background-color kt-row-has-bg wp-block-kadence-rowlayout\"><div class=\"kt-row-column-wrap kt-has-3-columns kt-row-layout-equal kt-tab-layout-inherit kt-mobile-layout-row kt-row-valign-top\">\n\n<div class=\"wp-block-kadence-column kadence-column901_6b088c-df\"><div class=\"kt-inside-inner-col\">\n<div class=\"wp-block-kadence-column kadence-column901_cacbe5-0b\"><div class=\"kt-inside-inner-col\">\n<div class=\"wp-block-kadence-column kadence-column901_137d64-67\"><div class=\"kt-inside-inner-col\">\n<div class=\"wp-block-columns is-layout-flex wp-container-core-columns-is-layout-28f84493 wp-block-columns-is-layout-flex\">\n<div class=\"wp-block-column is-layout-flow wp-block-column-is-layout-flow\" style=\"flex-basis:100%\">\n<div class=\"wp-block-kadence-column kadence-column901_5483a5-8b\"><div class=\"kt-inside-inner-col\">\n<div class=\"wp-block-kadence-icon kt-svg-icons kt-svg-icons901_957325-38 alignnone\">\n<div class=\"wp-block-kadence-single-icon kt-svg-style-stacked kt-svg-icon-wrap kt-svg-item-901_0c3748-31\"><span class=\"kb-svg-icon-wrap kb-svg-icon-fe_helpCircle\"><svg viewBox=\"0 0 24 24\"  fill=\"none\" stroke=\"currentColor\" stroke-width=\"2\" stroke-linecap=\"round\" stroke-linejoin=\"round\" xmlns=\"http:\/\/www.w3.org\/2000\/svg\"  aria-hidden=\"true\"><circle cx=\"12\" cy=\"12\" r=\"10\"\/><path d=\"M9.09 9a3 3 0 0 1 5.83 1c0 2-3 3-3 3\"\/><line x1=\"12\" y1=\"17\" x2=\"12\" y2=\"17\"\/><\/svg><\/span><\/div>\n<\/div>\n<\/div><\/div>\n<\/div>\n<\/div>\n\n\n\n<p class=\"kt-adv-heading901_162564-42 wp-block-kadence-advancedheading\" data-kb-block=\"kb-adv-heading901_162564-42\"><strong>Verkt\u00f8y 1<\/strong><\/p>\n\n\n\n<p class=\"has-text-align-center\">Beskrivelse av verkt\u00f8y kommer her.<\/p>\n<\/div><\/div>\n<\/div><\/div>\n<\/div><\/div>\n\n\n\n<div class=\"wp-block-kadence-column kadence-column901_b55a19-dc kb-section-dir-vertical\"><div class=\"kt-inside-inner-col\">\n<div class=\"wp-block-kadence-column kadence-column901_e6abe7-f2\"><div class=\"kt-inside-inner-col\">\n<div class=\"wp-block-kadence-column kadence-column901_41052c-39\"><div class=\"kt-inside-inner-col\">\n<div class=\"wp-block-kadence-column kadence-column901_fbd54a-38\"><div class=\"kt-inside-inner-col\">\n<div class=\"wp-block-columns is-layout-flex wp-container-core-columns-is-layout-28f84493 wp-block-columns-is-layout-flex\">\n<div class=\"wp-block-column is-layout-flow wp-block-column-is-layout-flow\" style=\"flex-basis:100%\">\n<div class=\"wp-block-kadence-column kadence-column901_8e5681-4a\"><div class=\"kt-inside-inner-col\">\n<div class=\"wp-block-kadence-icon kt-svg-icons kt-svg-icons901_f64c1c-bb alignnone\">\n<div class=\"wp-block-kadence-single-icon kt-svg-style-stacked kt-svg-icon-wrap kt-svg-item-901_333fac-a0\"><span class=\"kb-svg-icon-wrap kb-svg-icon-fe_camera\"><svg viewBox=\"0 0 24 24\"  fill=\"none\" stroke=\"currentColor\" stroke-width=\"2\" stroke-linecap=\"round\" stroke-linejoin=\"round\" xmlns=\"http:\/\/www.w3.org\/2000\/svg\"  aria-hidden=\"true\"><path d=\"M23 19a2 2 0 0 1-2 2H3a2 2 0 0 1-2-2V8a2 2 0 0 1 2-2h4l2-3h6l2 3h4a2 2 0 0 1 2 2z\"\/><circle cx=\"12\" cy=\"13\" r=\"4\"\/><\/svg><\/span><\/div>\n<\/div>\n<\/div><\/div>\n<\/div>\n<\/div>\n\n\n\n<p class=\"kt-adv-heading901_ed670c-f0 wp-block-kadence-advancedheading\" data-kb-block=\"kb-adv-heading901_ed670c-f0\"><strong>Verkt\u00f8y 2<\/strong><\/p>\n\n\n\n<p class=\"has-text-align-center\">Beskrivelse av verkt\u00f8y kommer her.<\/p>\n<\/div><\/div>\n<\/div><\/div>\n<\/div><\/div>\n<\/div><\/div>\n\n\n\n<div class=\"wp-block-kadence-column kadence-column901_2d4a3f-32 kb-section-dir-vertical\"><div class=\"kt-inside-inner-col\">\n<div class=\"wp-block-columns is-layout-flex wp-container-core-columns-is-layout-28f84493 wp-block-columns-is-layout-flex\">\n<div class=\"wp-block-column is-layout-flow wp-block-column-is-layout-flow\" style=\"flex-basis:100%\">\n<div class=\"wp-block-kadence-column kadence-column901_658691-43\"><div class=\"kt-inside-inner-col\">\n<div class=\"wp-block-kadence-icon kt-svg-icons kt-svg-icons901_e87a44-43 alignnone\">\n<div class=\"wp-block-kadence-single-icon kt-svg-style-stacked kt-svg-icon-wrap kt-svg-item-901_d8b810-10\"><span class=\"kb-svg-icon-wrap kb-svg-icon-fas_magic\"><svg viewBox=\"0 0 512 512\"  fill=\"currentColor\" xmlns=\"http:\/\/www.w3.org\/2000\/svg\"  aria-hidden=\"true\"><path d=\"M224 96l16-32 32-16-32-16-16-32-16 32-32 16 32 16 16 32zM80 160l26.66-53.33L160 80l-53.34-26.67L80 0 53.34 53.33 0 80l53.34 26.67L80 160zm352 128l-26.66 53.33L352 368l53.34 26.67L432 448l26.66-53.33L512 368l-53.34-26.67L432 288zm70.62-193.77L417.77 9.38C411.53 3.12 403.34 0 395.15 0c-8.19 0-16.38 3.12-22.63 9.38L9.38 372.52c-12.5 12.5-12.5 32.76 0 45.25l84.85 84.85c6.25 6.25 14.44 9.37 22.62 9.37 8.19 0 16.38-3.12 22.63-9.37l363.14-363.15c12.5-12.48 12.5-32.75 0-45.24zM359.45 203.46l-50.91-50.91 86.6-86.6 50.91 50.91-86.6 86.6z\"\/><\/svg><\/span><\/div>\n<\/div>\n<\/div><\/div>\n<\/div>\n<\/div>\n\n\n\n<p class=\"kt-adv-heading901_32dc2e-b7 wp-block-kadence-advancedheading\" data-kb-block=\"kb-adv-heading901_32dc2e-b7\"><strong>Verkt\u00f8y 3<\/strong><\/p>\n\n\n\n<p class=\"has-text-align-center\">Beskrivelse av verkt\u00f8y kommer her.<\/p>\n<\/div><\/div>\n\n<\/div><\/div>\n\n\n<h2 class=\"kt-adv-heading901_d8a9fd-84 wp-block-kadence-advancedheading\" data-kb-block=\"kb-adv-heading901_d8a9fd-84\"><strong>L\u00e6ring<\/strong><\/h2>\n\n\n<div class=\"kb-row-layout-wrap kb-row-layout-id901_7a680f-63 alignnone has-base-background-color kt-row-has-bg wp-block-kadence-rowlayout\"><div class=\"kt-row-column-wrap kt-has-3-columns kt-row-layout-equal kt-tab-layout-inherit kt-mobile-layout-row kt-row-valign-top\">\n\n<div class=\"wp-block-kadence-column kadence-column901_4308d7-a6\"><div class=\"kt-inside-inner-col\">\n<div class=\"wp-block-kadence-column kadence-column901_93ba05-9e\"><div class=\"kt-inside-inner-col\">\n<div class=\"wp-block-kadence-column kadence-column901_56d64c-3c\"><div class=\"kt-inside-inner-col\">\n<div class=\"wp-block-columns is-layout-flex wp-container-core-columns-is-layout-28f84493 wp-block-columns-is-layout-flex\">\n<div class=\"wp-block-column is-layout-flow wp-block-column-is-layout-flow\" style=\"flex-basis:100%\">\n<div class=\"wp-block-kadence-column kadence-column901_8792aa-e5\"><div class=\"kt-inside-inner-col\">\n<div class=\"wp-block-kadence-icon kt-svg-icons kt-svg-icons901_15813b-e5 alignnone\">\n<div class=\"wp-block-kadence-single-icon kt-svg-style-stacked kt-svg-icon-wrap kt-svg-item-901_433fdd-53\"><span class=\"kb-svg-icon-wrap kb-svg-icon-fas_language\"><svg viewBox=\"0 0 640 512\"  fill=\"currentColor\" xmlns=\"http:\/\/www.w3.org\/2000\/svg\"  aria-hidden=\"true\"><path d=\"M304 416H24c-13.255 0-24-10.745-24-24V120c0-13.255 10.745-24 24-24h280v320zm-120.676-72.622A12 12 0 0 0 194.839 352h22.863c8.22 0 14.007-8.078 11.362-15.861L171.61 167.085a12 12 0 0 0-11.362-8.139h-32.489a12.001 12.001 0 0 0-11.362 8.139L58.942 336.139C56.297 343.922 62.084 352 70.304 352h22.805a12 12 0 0 0 11.535-8.693l9.118-31.807h60.211l9.351 31.878zm-39.051-140.42s4.32 21.061 7.83 33.21l10.8 37.531h-38.07l11.07-37.531c3.51-12.15 7.83-33.21 7.83-33.21h.54zM616 416H336V96h280c13.255 0 24 10.745 24 24v272c0 13.255-10.745 24-24 24zm-36-228h-64v-16c0-6.627-5.373-12-12-12h-16c-6.627 0-12 5.373-12 12v16h-64c-6.627 0-12 5.373-12 12v16c0 6.627 5.373 12 12 12h114.106c-6.263 14.299-16.518 28.972-30.023 43.206-6.56-6.898-12.397-13.91-17.365-20.933-3.639-5.144-10.585-6.675-15.995-3.446l-7.28 4.346-6.498 3.879c-5.956 3.556-7.693 11.421-3.735 17.117 6.065 8.729 13.098 17.336 20.984 25.726-8.122 6.226-16.841 12.244-26.103 17.964-5.521 3.41-7.381 10.556-4.162 16.19l7.941 13.896c3.362 5.883 10.935 7.826 16.706 4.276 12.732-7.831 24.571-16.175 35.443-24.891 10.917 8.761 22.766 17.102 35.396 24.881 5.774 3.556 13.353 1.618 16.717-4.27l7.944-13.903c3.213-5.623 1.37-12.76-4.135-16.171a312.737 312.737 0 0 1-26.06-18.019c21.024-22.425 35.768-46.289 42.713-69.85H580c6.627 0 12-5.373 12-12v-16c0-6.625-5.373-11.998-12-11.998z\"\/><\/svg><\/span><\/div>\n<\/div>\n<\/div><\/div>\n<\/div>\n<\/div>\n\n\n\n<p class=\"kt-adv-heading901_ad9c45-7e wp-block-kadence-advancedheading\" data-kb-block=\"kb-adv-heading901_ad9c45-7e\"><strong>Verkt\u00f8y 1<\/strong><\/p>\n\n\n\n<p class=\"has-text-align-center\">Beskrivelse av verkt\u00f8y kommer her.<\/p>\n<\/div><\/div>\n<\/div><\/div>\n<\/div><\/div>\n\n\n\n<div class=\"wp-block-kadence-column kadence-column901_2280ee-ce kb-section-dir-vertical\"><div class=\"kt-inside-inner-col\">\n<div class=\"wp-block-columns is-layout-flex wp-container-core-columns-is-layout-28f84493 wp-block-columns-is-layout-flex\">\n<div class=\"wp-block-column is-layout-flow wp-block-column-is-layout-flow\" style=\"flex-basis:100%\">\n<div class=\"wp-block-kadence-column kadence-column901_9fd374-56\"><div class=\"kt-inside-inner-col\">\n<div class=\"wp-block-kadence-icon kt-svg-icons kt-svg-icons901_placeholder1 alignnone\">\n<div class=\"wp-block-kadence-single-icon kt-svg-style-stacked kt-svg-icon-wrap kt-svg-item-901_placeholder_icon1\"><span class=\"kb-svg-icon-wrap kb-svg-icon-fas_book\"><svg viewBox=\"0 0 448 512\"  fill=\"currentColor\" xmlns=\"http:\/\/www.w3.org\/2000\/svg\"  aria-hidden=\"true\"><path d=\"M448 360V24c0-13.3-10.7-24-24-24H96C43 0 0 43 0 96v320c0 53 43 96 96 96h328c13.3 0 24-10.7 24-24v-16c0-7.5-3.5-14.3-8.9-18.7-4.2-15.4-4.2-59.3 0-74.7 5.4-4.3 8.9-11.1 8.9-18.6zM128 134c0-3.3 2.7-6 6-6h212c3.3 0 6 2.7 6 6v20c0 3.3-2.7 6-6 6H134c-3.3 0-6-2.7-6-6v-20zm0 64c0-3.3 2.7-6 6-6h212c3.3 0 6 2.7 6 6v20c0 3.3-2.7 6-6 6H134c-3.3 0-6-2.7-6-6v-20zm253.4 250H96c-17.7 0-32-14.3-32-32 0-17.6 14.4-32 32-32h285.4c-1.9 17.1-1.9 46.9 0 64z\"\/><\/svg><\/span><\/div>\n<\/div>\n<\/div><\/div>\n<\/div>\n<\/div>\n\n\n\n<p class=\"kt-adv-heading901_placeholder_heading1 wp-block-kadence-advancedheading\" data-kb-block=\"kb-adv-heading901_placeholder_heading1\"><strong>Verkt\u00f8y 2<\/strong><\/p>\n\n\n\n<p class=\"has-text-align-center\">Beskrivelse av verkt\u00f8y kommer her.<\/p>\n<\/div><\/div>\n\n\n\n<div class=\"wp-block-kadence-column kadence-column901_2a1b71-57 kb-section-dir-vertical\"><div class=\"kt-inside-inner-col\">\n<div class=\"wp-block-columns is-layout-flex wp-container-core-columns-is-layout-28f84493 wp-block-columns-is-layout-flex\">\n<div class=\"wp-block-column is-layout-flow wp-block-column-is-layout-flow\" style=\"flex-basis:100%\">\n<div class=\"wp-block-kadence-column kadence-column901_placeholder2\"><div class=\"kt-inside-inner-col\">\n<div class=\"wp-block-kadence-icon kt-svg-icons kt-svg-icons901_placeholder_icon2 alignnone\">\n<div class=\"wp-block-kadence-single-icon kt-svg-style-stacked kt-svg-icon-wrap kt-svg-item-901_placeholder_icon2_inner\"><span class=\"kb-svg-icon-wrap kb-svg-icon-fas_lightbulb\"><svg viewBox=\"0 0 384 512\"  fill=\"currentColor\" xmlns=\"http:\/\/www.w3.org\/2000\/svg\"  aria-hidden=\"true\"><path d=\"M272 428v28c0 10.449-6.68 19.334-16 22.629V488c0 13.255-10.745 24-24 24h-80c-13.255 0-24-10.745-24-24v-9.371c-9.32-3.295-16-12.18-16-22.629v-28c0-6.627 5.373-12 12-12h136c6.627 0 12 5.373 12 12zm-143.107-44c-9.907 0-18.826-6.078-22.376-15.327C67.697 267.541 16 277.731 16 176 16 78.803 94.805 0 192 0s176 78.803 176 176c0 101.731-51.697 91.541-90.516 192.673-3.55 9.249-12.47 15.327-22.376 15.327H128.893zM112 176c0-44.112 35.888-80 80-80 8.837 0 16-7.164 16-16s-7.163-16-16-16c-61.757 0-112 50.243-112 112 0 8.836 7.164 16 16 16s16-7.164 16-16z\"\/><\/svg><\/span><\/div>\n<\/div>\n<\/div><\/div>\n<\/div>\n<\/div>\n\n\n\n<p class=\"kt-adv-heading901_placeholder_heading2 wp-block-kadence-advancedheading\" data-kb-block=\"kb-adv-heading901_placeholder_heading2\"><strong>Verkt\u00f8y 3<\/strong><\/p>\n\n\n\n<p class=\"has-text-align-center\">Beskrivelse av verkt\u00f8y kommer her.<\/p>\n<\/div><\/div>\n\n<\/div><\/div>","protected":false},"excerpt":{"rendered":"<p>Verkt\u00f8y Verkt\u00f8y 1 Beskrivelse av verkt\u00f8y kommer her. Verkt\u00f8y 2 Beskrivelse av verkt\u00f8y kommer her. Verkt\u00f8y 3 Beskrivelse av verkt\u00f8y kommer her. L\u00e6ring Verkt\u00f8y 1 Beskrivelse av verkt\u00f8y kommer her. Verkt\u00f8y 2 Beskrivelse av verkt\u00f8y kommer her. Verkt\u00f8y 3 Beskrivelse av verkt\u00f8y kommer her.<\/p>\n","protected":false},"author":1,"featured_media":2045,"parent":0,"menu_order":2,"comment_status":"closed","ping_status":"closed","template":"","meta":{"footnotes":""},"categories":[25],"class_list":["post-1379","page","type-page","status-publish","has-post-thumbnail","hentry","category-forside"],"_links":{"self":[{"href":"https:\/\/nafoki.no\/nn\/wp-json\/wp\/v2\/pages\/1379","targetHints":{"allow":["GET"]}}],"collection":[{"href":"https:\/\/nafoki.no\/nn\/wp-json\/wp\/v2\/pages"}],"about":[{"href":"https:\/\/nafoki.no\/nn\/wp-json\/wp\/v2\/types\/page"}],"author":[{"embeddable":true,"href":"https:\/\/nafoki.no\/nn\/wp-json\/wp\/v2\/users\/1"}],"replies":[{"embeddable":true,"href":"https:\/\/nafoki.no\/nn\/wp-json\/wp\/v2\/comments?post=1379"}],"version-history":[{"count":1,"href":"https:\/\/nafoki.no\/nn\/wp-json\/wp\/v2\/pages\/1379\/revisions"}],"predecessor-version":[{"id":1380,"href":"https:\/\/nafoki.no\/nn\/wp-json\/wp\/v2\/pages\/1379\/revisions\/1380"}],"wp:featuredmedia":[{"embeddable":true,"href":"https:\/\/nafoki.no\/nn\/wp-json\/wp\/v2\/media\/2045"}],"wp:attachment":[{"href":"https:\/\/nafoki.no\/nn\/wp-json\/wp\/v2\/media?parent=1379"}],"wp:term":[{"taxonomy":"category","embeddable":true,"href":"https:\/\/nafoki.no\/nn\/wp-json\/wp\/v2\/categories?post=1379"}],"curies":[{"name":"wp","href":"https:\/\/api.w.org\/{rel}","templated":true}]}}